{"id":678,"date":"2017-04-19T09:59:54","date_gmt":"2017-04-19T07:59:54","guid":{"rendered":"http:\/\/test.ortho-charlottenburg.de\/?page_id=678\/"},"modified":"2023-03-21T11:34:44","modified_gmt":"2023-03-21T10:34:44","slug":"dr-holger-goebel","status":"publish","type":"page","link":"https:\/\/www.ortho-charlottenburg.de\/en\/office\/dr-holger-goebel\/","title":{"rendered":"Dr. med. Holger G\u00f6bel"},"content":{"rendered":"<div class=\"wpb-content-wrapper\"><p>[vc_section full_width=&#8221;stretch_row&#8221; css=&#8221;.vc_custom_1483184335299{padding-top: 50px !important;background-image: url(https:\/\/www.ortho-charlottenburg.de\/wp-content\/uploads\/ortho-charlottenburg-hintergrund_adobe_stock_alexzaitsev.jpg?id=373) !important;background-position: center !important;background-repeat: no-repeat !important;background-size: cover !important;}&#8221; el_class=&#8221;klara-bg-mobile-none&#8221;][vc_row equal_height=&#8221;yes&#8221;][vc_column css=&#8221;.vc_custom_1481887137498{padding-right: 0px !important;padding-left: 0px !important;}&#8221; offset=&#8221;vc_col-lg-6 vc_col-md-6 vc_col-xs-12&#8243;][vc_single_image image=&#8221;299&#8243; img_size=&#8221;full&#8221; css=&#8221;.vc_custom_1483004717826{margin-bottom: 0px !important;}&#8221;][\/vc_column][vc_column css=&#8221;.vc_custom_1481887148106{padding-top: 35px !important;padding-right: 35px !important;padding-bottom: 35px !important;padding-left: 35px !important;background-color: #5b7fc2 !important;}&#8221; offset=&#8221;vc_col-lg-6 vc_col-md-6 vc_col-xs-12&#8243;][vc_custom_heading source=&#8221;post_title&#8221; font_container=&#8221;tag:h1|text_align:left|color:%23ffffff&#8221; use_theme_fonts=&#8221;yes&#8221; css=&#8221;.vc_custom_1481718355269{margin-bottom: 0px !important;}&#8221;][vc_custom_heading text=&#8221;Specialist consultant in orthopaedic surgery (Doctor of medicine)&#8221; font_container=&#8221;tag:div|text_align:left|color:%23ffffff&#8221; use_theme_fonts=&#8221;yes&#8221; css=&#8221;.vc_custom_1679394882325{border-bottom-width: 1px !important;border-bottom-color: #ffffff !important;border-bottom-style: solid !important;}&#8221;]<style type=\"text\/css\" data-type=\"the7_shortcodes-inline-css\">.dt-breadcrumbs-id-8784640d533519673bebca6bfb9cde39 .breadcrumbs {\n  display: inline-block;\n  margin: 0;\n  padding: 2px 10px 25px 0px;\n  border: 0px solid ;\n  border-radius: 0px;\n}\n.dt-breadcrumbs-id-8784640d533519673bebca6bfb9cde39 .breadcrumbs * {\n  color: #ffffff;\n}<\/style><div class=\"dt-breadcrumbs-shortcode dt-breadcrumbs-id-8784640d533519673bebca6bfb9cde39 align-left\"><div class=\"wf-td\"><div class=\"breadcrumbs text-normal\" id=\"breadcrumbs\"><span><span><a href=\"https:\/\/www.ortho-charlottenburg.de\/en\/\">Home<\/a><\/span><\/span><\/div><\/div><\/div>[vc_column_text]<\/p>\n<ul class=\"white\">\n<li><em>Surgical focus:<\/em><br \/>\nHand surgery<\/li>\n<li><em>Qualifications:<\/em><br \/>\nHand surgery, sports medicine, manual therapy, acupuncture, x-ray, MRI and physical therapy<\/li>\n<\/ul>\n<p>[\/vc_column_text][\/vc_column][\/vc_row][\/vc_section][vc_section full_width=&#8221;stretch_row&#8221; css=&#8221;.vc_custom_1481714816864{border-top-width: 1px !important;padding-top: 50px !important;padding-bottom: 50px !important;background-color: #fbfbfb !important;border-top-color: #e3e3e3 !important;border-top-style: solid !important;}&#8221;][vc_row gap=&#8221;35&#8243;][vc_column offset=&#8221;vc_col-lg-6 vc_col-md-12 vc_col-xs-12&#8243;][vc_custom_heading text=&#8221;Specialist for your hands&#8221; use_theme_fonts=&#8221;yes&#8221;][vc_column_text]Dr. med. Holger G\u00f6bel is specialist for all <a href=\"https:\/\/www.ortho-charlottenburg.de\/en\/focus\/hand\/\">orthopaedic problems of the hand<\/a>, including hand surgery. He practices as a consultant orthopaedic surgeon since 2003 and joined \u00a0<a href=\"https:\/\/www.ortho-charlottenburg.de\/en\/\">ORTHOP\u00c4DIE in Berlin-Charlottenburg<\/a> in 2010.<\/p>\n<p>As passionate diver Dr. med. Holger G\u00f6bel published many dive guides and articles about diving medicine.<\/p>\n<p>Dr. med. Holger G\u00f6bel takes care of his patients in German and English.[\/vc_column_text][\/vc_column][vc_column offset=&#8221;vc_col-lg-6 vc_col-md-12 vc_col-xs-12&#8243;][vc_tta_accordion][vc_tta_section title=&#8221;Curriculum Vitae of Dr. med. Holger G\u00f6bel&#8221; tab_id=&#8221;vita&#8221;][vc_column_text]<\/p>\n<ul>\n<li>Studies of Medicine, University FU Berlin<\/li>\n<li>License to practice medicine 1995<\/li>\n<li>Doctorate M.D. University FU Berlin by Prof. Mei\u00dfner 1997<\/li>\n<li>Specialist training trauma surgery at Unfallkrankenhaus Berlin with Prof. Dr. med Ekkenkamp and in orthopaedics and hand surgery with Prof. Dr. med Eisenschenk<\/li>\n<li>Specialist training in orthopaedic surgery with Priv. Doz. Dr. med. K. B\u00fcttner-Janz (Berlin)<\/li>\n<li>Certified as specialist in orthopaedics and trauma surgery<\/li>\n<li>Postgraduate training in hand surgery at Unfallkrankenhaus Marzahn, Berlin<\/li>\n<li>Since 2003 own practice as consultant orthopaedic surgeon for private and public patients<\/li>\n<\/ul>\n<p>[\/vc_column_text][\/vc_tta_section][vc_tta_section title=&#8221;Further qualifications and approvals&#8221; tab_id=&#8221;qualifications&#8221;][vc_column_text]<\/p>\n<ul>\n<li>Diagnostic radiology of the skeletal system<\/li>\n<li>Ultrasound diagnostic of the locomotor system<\/li>\n<li>Qualification in diving medicine (GT\u00dcM e.V.)<\/li>\n<li>Acupuncture<\/li>\n<\/ul>\n<p>[\/vc_column_text][\/vc_tta_section][vc_tta_section title=&#8221;Memberships&#8221; tab_id=&#8221;memberships&#8221;][vc_column_text]<\/p>\n<ul>\n<li><a href=\"http:\/\/www.berliner-sportaerztebund.de\/\" target=\"_blank\" rel=\"nofollow noopener noreferrer\">Berliner Sport\u00e4rztebund e.\u00a0V.<\/a><\/li>\n<li><a href=\"http:\/\/www.bvounet.de\/\" target=\"_blank\" rel=\"nofollow noopener noreferrer\">Berufsverband der Fach\u00e4rzte f\u00fcr Orthop\u00e4die und Unfallchirurgie e.V. (BVOU)<\/a><\/li>\n<li><a href=\"https:\/\/www.aerztekammer-berlin.de\/\" target=\"_blank\" rel=\"nofollow noopener noreferrer\">\u00c4rztekammer Berlin [<span id=\"result_box\" class=\"short_text\" lang=\"en\" tabindex=\"-1\"><span class=\"\">Medical Association Berlin<\/span><\/span>]<\/a>, Member of postgraduate training WB III<\/li>\n<li><a href=\"http:\/\/www.kvberlin.de\" target=\"_blank\" rel=\"nofollow noopener noreferrer\">Kassen\u00e4rztliche Vereinigung Berlin [Association of Statutory Health Insurance Physicians Berlin]<\/a><\/li>\n<\/ul>\n<p>[\/vc_column_text][\/vc_tta_section][\/vc_tta_accordion][\/vc_column][\/vc_row][\/vc_section]<\/p>\n<\/div>","protected":false},"excerpt":{"rendered":"<p>[vc_section full_width=&#8221;stretch_row&#8221; css=&#8221;.vc_custom_1483184335299{padding-top: 50px !important;background-image: url(https:\/\/www.ortho-charlottenburg.de\/wp-content\/uploads\/ortho-charlottenburg-hintergrund_adobe_stock_alexzaitsev.jpg?id=373) !important;background-position: center !important;background-repeat: no-repeat !important;background-size: cover !important;}&#8221; el_class=&#8221;klara-bg-mobile-none&#8221;][vc_row equal_height=&#8221;yes&#8221;][vc_column css=&#8221;.vc_custom_1481887137498{padding-right: 0px !important;padding-left: 0px !important;}&#8221; offset=&#8221;vc_col-lg-6 vc_col-md-6 vc_col-xs-12&#8243;][vc_single_image image=&#8221;299&#8243; img_size=&#8221;full&#8221; css=&#8221;.vc_custom_1483004717826{margin-bottom: 0px !important;}&#8221;][\/vc_column][vc_column css=&#8221;.vc_custom_1481887148106{padding-top: 35px !important;padding-right: 35px !important;padding-bottom: 35px !important;padding-left: 35px !important;background-color: #5b7fc2 !important;}&#8221; offset=&#8221;vc_col-lg-6 vc_col-md-6 vc_col-xs-12&#8243;][vc_custom_heading source=&#8221;post_title&#8221; font_container=&#8221;tag:h1|text_align:left|color:%23ffffff&#8221; use_theme_fonts=&#8221;yes&#8221; css=&#8221;.vc_custom_1481718355269{margin-bottom: 0px !important;}&#8221;][vc_custom_heading text=&#8221;Specialist consultant in orthopaedic surgery (Doctor of&hellip;<\/p>\n","protected":false},"author":6,"featured_media":0,"parent":676,"menu_order":0,"comment_status":"closed","ping_status":"closed","template":"","meta":{"_acf_changed":false,"footnotes":""},"class_list":["post-678","page","type-page","status-publish","hentry","description-off"],"acf":[],"yoast_head":"<!-- This site is optimized with the Yoast SEO plugin v27.6 - https:\/\/yoast.com\/product\/yoast-seo-wordpress\/ -->\n<title>Dr. med. Holger G\u00f6bel | ORTHOP\u00c4DIE CHARLOTTENBURG<\/title>\n<meta name=\"description\" content=\"Dr. med. Holger G\u00f6bel is a specialist consultant in orthopaedic surgery. His special interest is hand surgery.\" \/>\n<meta name=\"robots\" content=\"index, follow, max-snippet:-1, max-image-preview:large, max-video-preview:-1\" \/>\n<link rel=\"canonical\" href=\"https:\/\/www.ortho-charlottenburg.de\/en\/office\/dr-holger-goebel\/\" \/>\n<meta property=\"og:locale\" content=\"en_US\" \/>\n<meta property=\"og:type\" content=\"article\" \/>\n<meta property=\"og:title\" content=\"Dr. med. Holger G\u00f6bel | ORTHOP\u00c4DIE CHARLOTTENBURG\" \/>\n<meta property=\"og:description\" content=\"Dr. med. Holger G\u00f6bel is a specialist consultant in orthopaedic surgery. His special interest is hand surgery.\" \/>\n<meta property=\"og:url\" content=\"https:\/\/www.ortho-charlottenburg.de\/en\/office\/dr-holger-goebel\/\" \/>\n<meta property=\"og:site_name\" content=\"ORTHOP\u00c4DIE CHARLOTTENBURG\" \/>\n<meta property=\"article:modified_time\" content=\"2023-03-21T10:34:44+00:00\" \/>\n<meta property=\"og:image\" content=\"https:\/\/www.ortho-charlottenburg.de\/wp-content\/uploads\/2016\/12\/orthopaedie-berlin-charlottenburg-facebook.jpg\" \/>\n\t<meta property=\"og:image:width\" content=\"1200\" \/>\n\t<meta property=\"og:image:height\" content=\"627\" \/>\n\t<meta property=\"og:image:type\" content=\"image\/jpeg\" \/>\n<meta name=\"twitter:card\" content=\"summary_large_image\" \/>\n<meta name=\"twitter:label1\" content=\"Est. reading time\" \/>\n\t<meta name=\"twitter:data1\" content=\"2 minutes\" \/>\n<script type=\"application\/ld+json\" class=\"yoast-schema-graph\">{\"@context\":\"https:\\\/\\\/schema.org\",\"@graph\":[{\"@type\":\"WebPage\",\"@id\":\"https:\\\/\\\/www.ortho-charlottenburg.de\\\/en\\\/office\\\/dr-holger-goebel\\\/\",\"url\":\"https:\\\/\\\/www.ortho-charlottenburg.de\\\/en\\\/office\\\/dr-holger-goebel\\\/\",\"name\":\"Dr. med. Holger G\u00f6bel | ORTHOP\u00c4DIE CHARLOTTENBURG\",\"isPartOf\":{\"@id\":\"https:\\\/\\\/www.ortho-charlottenburg.de\\\/#website\"},\"datePublished\":\"2017-04-19T07:59:54+00:00\",\"dateModified\":\"2023-03-21T10:34:44+00:00\",\"description\":\"Dr. med. Holger G\u00f6bel is a specialist consultant in orthopaedic surgery. His special interest is hand surgery.\",\"breadcrumb\":{\"@id\":\"https:\\\/\\\/www.ortho-charlottenburg.de\\\/en\\\/office\\\/dr-holger-goebel\\\/#breadcrumb\"},\"inLanguage\":\"en-US\",\"potentialAction\":[{\"@type\":\"ReadAction\",\"target\":[\"https:\\\/\\\/www.ortho-charlottenburg.de\\\/en\\\/office\\\/dr-holger-goebel\\\/\"]}]},{\"@type\":\"BreadcrumbList\",\"@id\":\"https:\\\/\\\/www.ortho-charlottenburg.de\\\/en\\\/office\\\/dr-holger-goebel\\\/#breadcrumb\",\"itemListElement\":[{\"@type\":\"ListItem\",\"position\":1,\"name\":\"Home\",\"item\":\"https:\\\/\\\/www.ortho-charlottenburg.de\\\/en\\\/\"},{\"@type\":\"ListItem\",\"position\":2,\"name\":\"Office\",\"item\":\"https:\\\/\\\/www.ortho-charlottenburg.de\\\/en\\\/office\\\/\"},{\"@type\":\"ListItem\",\"position\":3,\"name\":\"Dr. med. Holger G\u00f6bel\"}]},{\"@type\":\"WebSite\",\"@id\":\"https:\\\/\\\/www.ortho-charlottenburg.de\\\/#website\",\"url\":\"https:\\\/\\\/www.ortho-charlottenburg.de\\\/\",\"name\":\"ORTHOP\u00c4DIE CHARLOTTENBURG\",\"description\":\"\",\"publisher\":{\"@id\":\"https:\\\/\\\/www.ortho-charlottenburg.de\\\/#organization\"},\"potentialAction\":[{\"@type\":\"SearchAction\",\"target\":{\"@type\":\"EntryPoint\",\"urlTemplate\":\"https:\\\/\\\/www.ortho-charlottenburg.de\\\/?s={search_term_string}\"},\"query-input\":{\"@type\":\"PropertyValueSpecification\",\"valueRequired\":true,\"valueName\":\"search_term_string\"}}],\"inLanguage\":\"en-US\"},{\"@type\":\"Organization\",\"@id\":\"https:\\\/\\\/www.ortho-charlottenburg.de\\\/#organization\",\"name\":\"ORTHOP\u00c4DIE CHARLOTTENBURG\",\"url\":\"https:\\\/\\\/www.ortho-charlottenburg.de\\\/\",\"logo\":{\"@type\":\"ImageObject\",\"inLanguage\":\"en-US\",\"@id\":\"https:\\\/\\\/www.ortho-charlottenburg.de\\\/#\\\/schema\\\/logo\\\/image\\\/\",\"url\":\"https:\\\/\\\/www.ortho-charlottenburg.de\\\/wp-content\\\/uploads\\\/2016\\\/12\\\/orthopaedie-berlin-charlottenburg-facebook.jpg\",\"contentUrl\":\"https:\\\/\\\/www.ortho-charlottenburg.de\\\/wp-content\\\/uploads\\\/2016\\\/12\\\/orthopaedie-berlin-charlottenburg-facebook.jpg\",\"width\":1200,\"height\":627,\"caption\":\"ORTHOP\u00c4DIE CHARLOTTENBURG\"},\"image\":{\"@id\":\"https:\\\/\\\/www.ortho-charlottenburg.de\\\/#\\\/schema\\\/logo\\\/image\\\/\"}}]}<\/script>\n<!-- \/ Yoast SEO plugin. -->","yoast_head_json":{"title":"Dr. med. Holger G\u00f6bel | ORTHOP\u00c4DIE CHARLOTTENBURG","description":"Dr. med. Holger G\u00f6bel is a specialist consultant in orthopaedic surgery. His special interest is hand surgery.","robots":{"index":"index","follow":"follow","max-snippet":"max-snippet:-1","max-image-preview":"max-image-preview:large","max-video-preview":"max-video-preview:-1"},"canonical":"https:\/\/www.ortho-charlottenburg.de\/en\/office\/dr-holger-goebel\/","og_locale":"en_US","og_type":"article","og_title":"Dr. med. Holger G\u00f6bel | ORTHOP\u00c4DIE CHARLOTTENBURG","og_description":"Dr. med. Holger G\u00f6bel is a specialist consultant in orthopaedic surgery. His special interest is hand surgery.","og_url":"https:\/\/www.ortho-charlottenburg.de\/en\/office\/dr-holger-goebel\/","og_site_name":"ORTHOP\u00c4DIE CHARLOTTENBURG","article_modified_time":"2023-03-21T10:34:44+00:00","og_image":[{"width":1200,"height":627,"url":"https:\/\/www.ortho-charlottenburg.de\/wp-content\/uploads\/2016\/12\/orthopaedie-berlin-charlottenburg-facebook.jpg","type":"image\/jpeg"}],"twitter_card":"summary_large_image","twitter_misc":{"Est. reading time":"2 minutes"},"schema":{"@context":"https:\/\/schema.org","@graph":[{"@type":"WebPage","@id":"https:\/\/www.ortho-charlottenburg.de\/en\/office\/dr-holger-goebel\/","url":"https:\/\/www.ortho-charlottenburg.de\/en\/office\/dr-holger-goebel\/","name":"Dr. med. Holger G\u00f6bel | ORTHOP\u00c4DIE CHARLOTTENBURG","isPartOf":{"@id":"https:\/\/www.ortho-charlottenburg.de\/#website"},"datePublished":"2017-04-19T07:59:54+00:00","dateModified":"2023-03-21T10:34:44+00:00","description":"Dr. med. Holger G\u00f6bel is a specialist consultant in orthopaedic surgery. His special interest is hand surgery.","breadcrumb":{"@id":"https:\/\/www.ortho-charlottenburg.de\/en\/office\/dr-holger-goebel\/#breadcrumb"},"inLanguage":"en-US","potentialAction":[{"@type":"ReadAction","target":["https:\/\/www.ortho-charlottenburg.de\/en\/office\/dr-holger-goebel\/"]}]},{"@type":"BreadcrumbList","@id":"https:\/\/www.ortho-charlottenburg.de\/en\/office\/dr-holger-goebel\/#breadcrumb","itemListElement":[{"@type":"ListItem","position":1,"name":"Home","item":"https:\/\/www.ortho-charlottenburg.de\/en\/"},{"@type":"ListItem","position":2,"name":"Office","item":"https:\/\/www.ortho-charlottenburg.de\/en\/office\/"},{"@type":"ListItem","position":3,"name":"Dr. med. Holger G\u00f6bel"}]},{"@type":"WebSite","@id":"https:\/\/www.ortho-charlottenburg.de\/#website","url":"https:\/\/www.ortho-charlottenburg.de\/","name":"ORTHOP\u00c4DIE CHARLOTTENBURG","description":"","publisher":{"@id":"https:\/\/www.ortho-charlottenburg.de\/#organization"},"potentialAction":[{"@type":"SearchAction","target":{"@type":"EntryPoint","urlTemplate":"https:\/\/www.ortho-charlottenburg.de\/?s={search_term_string}"},"query-input":{"@type":"PropertyValueSpecification","valueRequired":true,"valueName":"search_term_string"}}],"inLanguage":"en-US"},{"@type":"Organization","@id":"https:\/\/www.ortho-charlottenburg.de\/#organization","name":"ORTHOP\u00c4DIE CHARLOTTENBURG","url":"https:\/\/www.ortho-charlottenburg.de\/","logo":{"@type":"ImageObject","inLanguage":"en-US","@id":"https:\/\/www.ortho-charlottenburg.de\/#\/schema\/logo\/image\/","url":"https:\/\/www.ortho-charlottenburg.de\/wp-content\/uploads\/2016\/12\/orthopaedie-berlin-charlottenburg-facebook.jpg","contentUrl":"https:\/\/www.ortho-charlottenburg.de\/wp-content\/uploads\/2016\/12\/orthopaedie-berlin-charlottenburg-facebook.jpg","width":1200,"height":627,"caption":"ORTHOP\u00c4DIE CHARLOTTENBURG"},"image":{"@id":"https:\/\/www.ortho-charlottenburg.de\/#\/schema\/logo\/image\/"}}]}},"_links":{"self":[{"href":"https:\/\/www.ortho-charlottenburg.de\/en\/wp-json\/wp\/v2\/pages\/678","targetHints":{"allow":["GET"]}}],"collection":[{"href":"https:\/\/www.ortho-charlottenburg.de\/en\/wp-json\/wp\/v2\/pages"}],"about":[{"href":"https:\/\/www.ortho-charlottenburg.de\/en\/wp-json\/wp\/v2\/types\/page"}],"author":[{"embeddable":true,"href":"https:\/\/www.ortho-charlottenburg.de\/en\/wp-json\/wp\/v2\/users\/6"}],"replies":[{"embeddable":true,"href":"https:\/\/www.ortho-charlottenburg.de\/en\/wp-json\/wp\/v2\/comments?post=678"}],"version-history":[{"count":11,"href":"https:\/\/www.ortho-charlottenburg.de\/en\/wp-json\/wp\/v2\/pages\/678\/revisions"}],"predecessor-version":[{"id":1119,"href":"https:\/\/www.ortho-charlottenburg.de\/en\/wp-json\/wp\/v2\/pages\/678\/revisions\/1119"}],"up":[{"embeddable":true,"href":"https:\/\/www.ortho-charlottenburg.de\/en\/wp-json\/wp\/v2\/pages\/676"}],"wp:attachment":[{"href":"https:\/\/www.ortho-charlottenburg.de\/en\/wp-json\/wp\/v2\/media?parent=678"}],"curies":[{"name":"wp","href":"https:\/\/api.w.org\/{rel}","templated":true}]}}